{"id":222,"date":"2021-05-12T11:30:18","date_gmt":"2021-05-12T11:30:18","guid":{"rendered":"http:\/\/www.farma-podyji.cz\/?page_id=222"},"modified":"2022-01-06T13:51:55","modified_gmt":"2022-01-06T13:51:55","slug":"kultura-2019","status":"publish","type":"page","link":"https:\/\/www.farma-podyji.cz\/index.php\/kultura\/kultura-2019\/","title":{"rendered":"KULTURA 2019"},"content":{"rendered":"\n<p>Rok 2019 jsme zakon\u010dili u\u017e&nbsp;<strong>\u010dtvrt\u00fdm&nbsp;ro\u010dn\u00edkem podyjsk\u00e9ho redyku.&nbsp;<\/strong>Tentokr\u00e1t m\u011b\u0159il&nbsp;cca 55&nbsp;km. \u0160li jsme z&nbsp;Kate\u0159insk\u00e9ho dvora u Znojma a\u017e k obci Drnholec a&nbsp;cel\u00e1 operace trvala dva dny a t\u0159i noci. St\u00e1do \u010d\u00edtalo cca&nbsp;300 kus\u016f&nbsp;ovc\u00ed a koz a hnalo ho \u0161est ov\u010d\u00e1k\u016f.&nbsp;Pochodu se tentokr\u00e1t op\u011bt \u00fa\u010dastnila&nbsp;fotografka Krist\u00fdna Urb\u00e1nkov\u00e1, tedy p\u0159in\u00e1\u0161\u00edme fotografie z&nbsp;redyku. Ke&nbsp;karavan\u011b se t\u00e9\u017e v Hr\u00e1dku p\u0159idal p\u0159\u00edtel v\u0161ech znojemsk\u00fdch ov\u010d\u00e1k\u016f pank\u00e1\u010d \u0160tolpa. Majitel farmy Petr Kosm\u00e1k byl toho \u010dasu na dalek\u00e9m Balk\u00e1nu, kde op\u011bvoval sl\u00e1vu tam\u011bj\u0161\u00edch pastevc\u016f.<\/p>\n\n\n\n<p>Odkaz na fotografie Krist\u00fdny Urb\u00e1nkov\u00e1&nbsp;<a rel=\"noreferrer noopener\" href=\"http:\/\/www.kri-urbank.cz\/redyk-2019.html\" target=\"_blank\"><strong>zde<\/strong><\/a>.<\/p>\n\n\n\n<p>Po dvou letech se op\u011bt konala slavnost&nbsp;<strong>Sh\u00e1n\u011bn\u00ed<\/strong>. V&nbsp;sobotu 16.&nbsp;listopadu 2019 se na Kate\u0159insk\u00e9m dvo\u0159e se\u0161lo kolem stovky lid\u00ed, asi t\u0159i stovky ovc\u00ed a koz. K&nbsp;jehn\u011b\u010d\u00edm hod\u016fm tentokr\u00e1t zahr\u00e1la skupina&nbsp;<strong>Ruky na dudy<\/strong> a&nbsp;dorazila t\u00e9\u017e \u010d\u00e1st kapely <strong>Livada<\/strong> s&nbsp;hostuj\u00edc\u00edmi <strong>makedonsk\u00fdmi muzikanty<\/strong>. Na s\u00fdpce se prezentovaly fotografie americk\u00e9ho fotografa&nbsp;<strong>Michaela Benanava<\/strong>. Nutno zm\u00ednit, \u017ee na slavnost dorazili i majitel\u00e9 Kate\u0159insk\u00e9ho dvora, man\u017eel\u00e9 Harmmerovi se sv\u00fdmi hosty.&nbsp;<\/p>\n\n\n\n<p>Krom\u011b jable\u010dn\u00e9ho mo\u0161tu a sva\u0159en\u00e9ho v\u00edna se v tento chladn\u00fd den to\u010dilo m\u00edstn\u00ed pivo&nbsp;<strong>Dr\u00e1ten\u00edk<\/strong>. Jedla se jehn\u011b\u010d\u00ed \u010dorba, jehn\u011b\u010d\u00ed klob\u00e1sy a&nbsp;v&nbsp;nab\u00eddce byl t\u00e9\u017e koz\u00ed s\u00fdr.&nbsp;Jedinou ka\u0148kou&nbsp;na cel\u00e9 slavnosti se stal hluk p\u0159i proch\u00e1zce se st\u00e1dem po&nbsp;Na\u010deratick\u00e9m kopci, nebo\u0165 ten den zde prob\u00edhal z\u00e1vod motorek, kter\u00fd zcela zni\u010dil hudebn\u00ed doprovod na&nbsp;t\u00e9to slavnostn\u00ed pastv\u011b. T\u00edmto se je\u0161t\u011b jednou omlouv\u00e1me p\u0159edev\u0161\u00edm muzikant\u016fm ze skupiny Ruky&nbsp;na dudy, kte\u0159\u00ed,&nbsp;jak&nbsp;douf\u00e1me, si v\u0161e pot\u00e9 vynahradili na Kate\u0159insk\u00e9m dvo\u0159e, kde u\u017e se oz\u00fdvalo pouze ov\u010d\u00ed be\u010den\u00ed.&nbsp;<\/p>\n\n\n\n<p>Z t\u00e9to akce bohu\u017eel nem\u00e1me \u017e\u00e1dn\u00e9 fotografie. Pokud kdokoliv z p\u0159\u00edtomn\u00fdch disponuje n\u011bjakou momentkou, budeme r\u00e1di, pokud n\u00e1m svou fotografii poskytne.<\/p>\n\n\n\n<p>Na ja\u0159e t\u00e9\u017e prob\u011bhl ji\u017e tradi\u010dn\u00ed&nbsp;<strong>\u00faklid Na\u010deratick\u00e9ho kopce,<\/strong>&nbsp;kdy jsme op\u011bt vedli nekone\u010dn\u00fd a&nbsp;marn\u00fd boj s&nbsp;nikdy nekon\u010d\u00edc\u00ed z\u00e1plavou odpadk\u016f. Dr\u00e1ty, plasty, pneumatiky,&nbsp;sklenice, kusy automobil\u016f a motocykl\u016f. V\u0161eho dostatek, sb\u011br&nbsp;na dal\u0161\u00ed des\u00edtky let.<\/p>\n\n\n\n<p>V roce 2019 jsme t\u00e9\u017e p\u0159edstavili&nbsp;<strong>nov\u00e9 logo<\/strong>&nbsp;farmy, kter\u00e9 vytvo\u0159il ilustr\u00e1tor&nbsp;<strong>Jan Turek<\/strong>. <br>T\u00edmto mu je\u0161t\u011b jednou d\u011bkujeme.<\/p>\n\n\n\n<figure class=\"wp-block-image size-large is-resized is-style-default\"><img decoding=\"async\" src=\"https:\/\/mlpu4x94dnfe.i.optimole.com\/w:auto\/h:auto\/q:mauto\/https:\/\/www.farma-podyji.cz\/wp-content\/uploads\/2021\/05\/kulaty-obrazek.png\" alt=\"\" class=\"wp-image-55\" width=\"244\" height=\"242\"\/><figcaption>Nov\u00e9 logo Ov\u010d\u00ed farmy Podyj\u00ed<br>ilustrace Jan Turek<\/figcaption><\/figure>\n\n\n\n<figure class=\"wp-block-image size-large is-style-default\"><img decoding=\"async\" width=\"1000\" height=\"667\" src=\"https:\/\/mlpu4x94dnfe.i.optimole.com\/w:auto\/h:auto\/q:mauto\/https:\/\/www.farma-podyji.cz\/wp-content\/uploads\/2021\/05\/redyk2019-2.jpg\" alt=\"\" class=\"wp-image-224\"\/><figcaption>Redyk 2019, den prvn\u00ed, za Na\u010deraticemi (foto: Krist\u00fdna Urb\u00e1nkov\u00e1)<\/figcaption><\/figure>\n\n\n\n<figure class=\"wp-block-image size-large is-style-default\"><img decoding=\"async\" width=\"1000\" height=\"563\" src=\"https:\/\/mlpu4x94dnfe.i.optimole.com\/w:auto\/h:auto\/q:mauto\/https:\/\/www.farma-podyji.cz\/wp-content\/uploads\/2021\/05\/redyk2019-1.jpg\" alt=\"\" class=\"wp-image-225\"\/><figcaption>Redyk, den druh\u00fd, Bunkry u \u0159eky Dyje  (foto: Krist\u00fdna Urb\u00e1nkov\u00e1)<\/figcaption><\/figure>\n\n\n\n<figure class=\"wp-block-image size-large is-style-default\"><img data-opt-src=\"https:\/\/mlpu4x94dnfe.i.optimole.com\/w:auto\/h:auto\/q:mauto\/https:\/\/www.farma-podyji.cz\/wp-content\/uploads\/2021\/05\/redyk2019-3.jpg\"  decoding=\"async\" width=\"1000\" height=\"667\" src=\"https:\/\/mlpu4x94dnfe.i.optimole.com\/w:auto\/h:auto\/q:eco\/https:\/\/www.farma-podyji.cz\/wp-content\/uploads\/2021\/05\/redyk2019-3.jpg\" alt=\"\" class=\"wp-image-226\"\/><noscript><img decoding=\"async\" width=\"1000\" height=\"667\" src=\"https:\/\/mlpu4x94dnfe.i.optimole.com\/w:auto\/h:auto\/q:mauto\/https:\/\/www.farma-podyji.cz\/wp-content\/uploads\/2021\/05\/redyk2019-3.jpg\" alt=\"\" class=\"wp-image-226\"\/></noscript><figcaption>Kolem Dyje, den druh\u00fd (foto: Krist\u00fdna Urb\u00e1nkov\u00e1)<\/figcaption><\/figure>\n\n\n\n<figure class=\"wp-block-image size-large is-style-default\"><img data-opt-src=\"https:\/\/mlpu4x94dnfe.i.optimole.com\/w:661\/h:1024\/q:mauto\/https:\/\/www.farma-podyji.cz\/wp-content\/uploads\/2021\/05\/shaneni-2019-4.jpg\"  decoding=\"async\" width=\"661\" height=\"1024\" src=\"https:\/\/mlpu4x94dnfe.i.optimole.com\/w:661\/h:1024\/q:eco\/https:\/\/www.farma-podyji.cz\/wp-content\/uploads\/2021\/05\/shaneni-2019-4.jpg\" alt=\"\" class=\"wp-image-223\"\/><noscript><img decoding=\"async\" width=\"661\" height=\"1024\" src=\"https:\/\/mlpu4x94dnfe.i.optimole.com\/w:661\/h:1024\/q:mauto\/https:\/\/www.farma-podyji.cz\/wp-content\/uploads\/2021\/05\/shaneni-2019-4.jpg\" alt=\"\" class=\"wp-image-223\"\/></noscript><figcaption>Plak\u00e1tek na Sh\u00e1n\u011bn\u00ed 2019<\/figcaption><\/figure>\n\n\n\n<figure class=\"wp-block-image size-large is-style-default\"><img data-opt-src=\"https:\/\/mlpu4x94dnfe.i.optimole.com\/w:auto\/h:auto\/q:mauto\/https:\/\/www.farma-podyji.cz\/wp-content\/uploads\/2021\/05\/uklid-2019.jpg\"  decoding=\"async\" width=\"1000\" height=\"495\" src=\"https:\/\/mlpu4x94dnfe.i.optimole.com\/w:auto\/h:auto\/q:eco\/https:\/\/www.farma-podyji.cz\/wp-content\/uploads\/2021\/05\/uklid-2019.jpg\" alt=\"\" class=\"wp-image-227\"\/><noscript><img decoding=\"async\" width=\"1000\" height=\"495\" src=\"https:\/\/mlpu4x94dnfe.i.optimole.com\/w:auto\/h:auto\/q:mauto\/https:\/\/www.farma-podyji.cz\/wp-content\/uploads\/2021\/05\/uklid-2019.jpg\" alt=\"\" class=\"wp-image-227\"\/></noscript><figcaption>\u00daklid Na\u010deratick\u00e9ho kopce<\/figcaption><\/figure>\n\n\n\n<figure class=\"wp-block-image size-large is-style-default\"><img data-opt-src=\"https:\/\/mlpu4x94dnfe.i.optimole.com\/w:auto\/h:auto\/q:mauto\/https:\/\/www.farma-podyji.cz\/wp-content\/uploads\/2021\/05\/uklid-2019-2.jpg\"  decoding=\"async\" width=\"1000\" height=\"750\" src=\"https:\/\/mlpu4x94dnfe.i.optimole.com\/w:auto\/h:auto\/q:eco\/https:\/\/www.farma-podyji.cz\/wp-content\/uploads\/2021\/05\/uklid-2019-2.jpg\" alt=\"\" class=\"wp-image-228\"\/><noscript><img decoding=\"async\" width=\"1000\" height=\"750\" src=\"https:\/\/mlpu4x94dnfe.i.optimole.com\/w:auto\/h:auto\/q:mauto\/https:\/\/www.farma-podyji.cz\/wp-content\/uploads\/2021\/05\/uklid-2019-2.jpg\" alt=\"\" class=\"wp-image-228\"\/></noscript><figcaption>\u00daklid Na\u010deratick\u00e9ho kopce<\/figcaption><\/figure>\n\n\n\n<p><\/p>\n\n\n\n<p> <a href=\"https:\/\/www.farma-podyji.cz\/index.php\/kultura\/kultura-2021\/\" data-type=\"page\" data-id=\"589\">KULTURA 2021<\/a>  |  <a href=\"https:\/\/www.farma-podyji.cz\/index.php\/kultura\/kultura-2020\/\" data-type=\"page\" data-id=\"523\">2020<\/a>  |  <a href=\"https:\/\/www.farma-podyji.cz\/index.php\/kultura\/kultura-2018\/\" data-type=\"page\" data-id=\"285\">2018<\/a>  |  <a href=\"https:\/\/www.farma-podyji.cz\/index.php\/kultura\/kultura-2017\/\" data-type=\"page\" data-id=\"292\">2017<\/a>  |  <a href=\"https:\/\/www.farma-podyji.cz\/index.php\/kultura\/kultura-2016\/\" data-type=\"page\" data-id=\"330\">2016<\/a>  |  <a href=\"https:\/\/www.farma-podyji.cz\/index.php\/kultura\/starsi\/\" data-type=\"page\" data-id=\"353\">STAR\u0160\u00cd&#8230;<\/a> <\/p>\n","protected":false},"excerpt":{"rendered":"<p>Rok 2019 jsme zakon\u010dili u\u017e&nbsp;\u010dtvrt\u00fdm&nbsp;ro\u010dn\u00edkem podyjsk\u00e9ho redyku.&nbsp;Tentokr\u00e1t m\u011b\u0159il&nbsp;cca 55&nbsp;km. \u0160li jsme z&nbsp;Kate\u0159insk\u00e9ho dvora u Znojma a\u017e k obci Drnholec a&nbsp;cel\u00e1 operace trvala dva dny a t\u0159i noci. St\u00e1do \u010d\u00edtalo cca&nbsp;300 kus\u016f&nbsp;ovc\u00ed a koz a hnalo ho \u0161est ov\u010d\u00e1k\u016f.&nbsp;Pochodu se tentokr\u00e1t op\u011bt \u00fa\u010dastnila&nbsp;fotografka Krist\u00fdna Urb\u00e1nkov\u00e1, tedy p\u0159in\u00e1\u0161\u00edme fotografie z&nbsp;redyku. Ke&nbsp;karavan\u011b se t\u00e9\u017e v Hr\u00e1dku p\u0159idal p\u0159\u00edtel &hellip; <\/p>\n<p class=\"link-more\"><a href=\"https:\/\/www.farma-podyji.cz\/index.php\/kultura\/kultura-2019\/\" class=\"more-link\">Read the full post &rarr;<span class=\"screen-reader-text\">&#8222;KULTURA 2019&#8220;<\/span><\/a><\/p>\n","protected":false},"author":1,"featured_media":0,"parent":44,"menu_order":2,"comment_status":"closed","ping_status":"closed","template":"","meta":[],"_links":{"self":[{"href":"https:\/\/www.farma-podyji.cz\/index.php\/wp-json\/wp\/v2\/pages\/222"}],"collection":[{"href":"https:\/\/www.farma-podyji.cz\/index.php\/wp-json\/wp\/v2\/pages"}],"about":[{"href":"https:\/\/www.farma-podyji.cz\/index.php\/wp-json\/wp\/v2\/types\/page"}],"author":[{"embeddable":true,"href":"https:\/\/www.farma-podyji.cz\/index.php\/wp-json\/wp\/v2\/users\/1"}],"replies":[{"embeddable":true,"href":"https:\/\/www.farma-podyji.cz\/index.php\/wp-json\/wp\/v2\/comments?post=222"}],"version-history":[{"count":12,"href":"https:\/\/www.farma-podyji.cz\/index.php\/wp-json\/wp\/v2\/pages\/222\/revisions"}],"predecessor-version":[{"id":608,"href":"https:\/\/www.farma-podyji.cz\/index.php\/wp-json\/wp\/v2\/pages\/222\/revisions\/608"}],"up":[{"embeddable":true,"href":"https:\/\/www.farma-podyji.cz\/index.php\/wp-json\/wp\/v2\/pages\/44"}],"wp:attachment":[{"href":"https:\/\/www.farma-podyji.cz\/index.php\/wp-json\/wp\/v2\/media?parent=222"}],"curies":[{"name":"wp","href":"https:\/\/api.w.org\/{rel}","templated":true}]}}