{"id":29,"date":"2021-05-12T07:38:37","date_gmt":"2021-05-12T07:38:37","guid":{"rendered":"http:\/\/www.farma-podyji.cz\/?page_id=29"},"modified":"2025-03-31T07:06:08","modified_gmt":"2025-03-31T07:06:08","slug":"aktuality","status":"publish","type":"page","link":"https:\/\/www.farma-podyji.cz\/","title":{"rendered":"AKTUALITY"},"content":{"rendered":"\n<div style=\"height:11px\" aria-hidden=\"true\" class=\"wp-block-spacer\"><\/div>\n\n\n\n<h4><strong>BAHN\u011aN\u00cd 2025<\/strong><\/h4>\n\n\n\n<p>V m\u011bs\u00edci b\u0159eznu se na na\u0161\u00ed farm\u011b narodilo kolem sto pades\u00e1ti nov\u00fdch jeh\u0148at. Bahn\u011bn\u00ed letos prob\u011bhlo pom\u011brn\u011b rychle a bez v\u011bt\u0161\u00edch probl\u00e9m\u016f. Po dvo\u0159e b\u011bh\u00e1 i n\u011bkolik \u010dty\u0159\u010dat. Ty se i s ostatn\u00edmi jeh\u0148aty a zbytkem st\u00e1da ji\u017e brzy p\u0159esunou na jarn\u00ed pastviny na Na\u010deratick\u00fd kopec. <\/p>\n\n\n\n<div style=\"height:19px\" aria-hidden=\"true\" class=\"wp-block-spacer\"><\/div>\n\n\n\n<div class=\"is-layout-flex wp-container-3 wp-block-columns\">\n<div class=\"is-layout-flow wp-block-column\">\n<figure class=\"wp-block-image size-full\"><img decoding=\"async\" width=\"1000\" height=\"667\" src=\"https:\/\/mlpu4x94dnfe.i.optimole.com\/w:auto\/h:auto\/q:mauto\/https:\/\/www.farma-podyji.cz\/wp-content\/uploads\/2025\/03\/bahnene-2025-01-web.jpg\" alt=\"\" class=\"wp-image-851\"\/><figcaption class=\"wp-element-caption\">Bahn\u011bn\u00ed, Kate\u0159insk\u00fd dv\u016fr 2025<\/figcaption><\/figure>\n<\/div>\n\n\n\n<div class=\"is-layout-flow wp-block-column\">\n<figure class=\"wp-block-image size-full\"><img decoding=\"async\" width=\"1000\" height=\"667\" src=\"https:\/\/mlpu4x94dnfe.i.optimole.com\/w:auto\/h:auto\/q:mauto\/https:\/\/www.farma-podyji.cz\/wp-content\/uploads\/2025\/03\/bahnene-2025-02-web.jpg\" alt=\"\" class=\"wp-image-852\"\/><figcaption class=\"wp-element-caption\">Bahn\u011bn\u00ed, Kate\u0159insk\u00fd dv\u016fr 2025<\/figcaption><\/figure>\n<\/div>\n<\/div>\n\n\n\n<div style=\"height:10px\" aria-hidden=\"true\" class=\"wp-block-spacer\"><\/div>\n\n\n\n<h4><br><strong>JEHN\u011a\u010c\u00cd MASO 2024<\/strong> (nem\u00e1me jatka, nem\u016f\u017eeme jehn\u011b\u010d\u00ed maso prod\u00e1vat!)<br><\/h4>\n\n\n\n<p>Jeliko\u017e nejsou ji\u017e d\u00e9le ne\u017e dva roky v na\u0161em regionu \u017e\u00e1dn\u00e1 jatka ur\u010den\u00e1 pro por\u00e1\u017eku jeh\u0148at, nem\u016f\u017eeme prod\u00e1vat na\u0161e jehn\u011b\u010d\u00ed maso. T\u00edmto se v\u0161em z\u00e1jemc\u016fm omlouv\u00e1me a v\u011b\u0159\u00edme, \u017ee se v n\u00e1sleduj\u00edc\u00edm roce situace zm\u011bn\u00ed k lep\u0161\u00edmu. V nab\u00eddce m\u00e1me tedy pouze jeh\u0148ata \u017eiv\u00e1, p\u0159\u00edpadn\u00fd z\u00e1jemce si ale mus\u00ed por\u00e1\u017eku zajistit s\u00e1m. <\/p>\n\n\n\n<div style=\"height:41px\" aria-hidden=\"true\" class=\"wp-block-spacer\"><\/div>\n\n\n\n<h4><strong>REDYK 2024<\/strong><\/h4>\n\n\n\n<p>I v roce 2024 jsme p\u0159eh\u00e1n\u011bli st\u00e1da p\u011b\u0161mo po zemi. Dev\u00e1t\u00fd podyjsk\u00fd redyk se konal ve dnech 23.-24. listopadu. Vych\u00e1zelo se v sobotu brzy r\u00e1no z Kate\u0159insk\u00e9ho dvora a c\u00edl cesty byl u \u0159eky Dyje nedaleko zimn\u00ed z\u00e1kladny v Nov\u00e9m P\u0159erov\u011b. Pr\u016fvod op\u011bt prov\u00e1zela fotografka Krist\u00fdna Urb\u00e1nkov\u00e1.<\/p>\n\n\n\n<div style=\"height:20px\" aria-hidden=\"true\" class=\"wp-block-spacer\"><\/div>\n\n\n\n<div class=\"is-layout-flex wp-container-7 wp-block-columns\">\n<div class=\"is-layout-flow wp-block-column\"><div class=\"wp-block-image\">\n<figure class=\"aligncenter size-full\"><img decoding=\"async\" width=\"1000\" height=\"667\" src=\"https:\/\/mlpu4x94dnfe.i.optimole.com\/w:auto\/h:auto\/q:mauto\/https:\/\/www.farma-podyji.cz\/wp-content\/uploads\/2025\/03\/redyk-2024-01-web.jpg\" alt=\"\" class=\"wp-image-833\"\/><figcaption class=\"wp-element-caption\">Redyk 2024<\/figcaption><\/figure><\/div><\/div>\n\n\n\n<div class=\"is-layout-flow wp-block-column\"><div class=\"wp-block-image\">\n<figure class=\"aligncenter size-full\"><img data-opt-src=\"https:\/\/mlpu4x94dnfe.i.optimole.com\/w:auto\/h:auto\/q:mauto\/https:\/\/www.farma-podyji.cz\/wp-content\/uploads\/2025\/03\/redyk-2024-02-web.jpg\"  decoding=\"async\" width=\"1000\" height=\"667\" src=\"https:\/\/mlpu4x94dnfe.i.optimole.com\/w:auto\/h:auto\/q:eco\/https:\/\/www.farma-podyji.cz\/wp-content\/uploads\/2025\/03\/redyk-2024-02-web.jpg\" alt=\"\" class=\"wp-image-834\"\/><noscript><img decoding=\"async\" width=\"1000\" height=\"667\" src=\"https:\/\/mlpu4x94dnfe.i.optimole.com\/w:auto\/h:auto\/q:mauto\/https:\/\/www.farma-podyji.cz\/wp-content\/uploads\/2025\/03\/redyk-2024-02-web.jpg\" alt=\"\" class=\"wp-image-834\"\/></noscript><figcaption class=\"wp-element-caption\">Kate\u0159insk\u00fd dv\u016fr \/ Nov\u00fd P\u0159erov<\/figcaption><\/figure><\/div><\/div>\n\n\n\n<div class=\"is-layout-flow wp-block-column\"><div class=\"wp-block-image\">\n<figure class=\"aligncenter size-full\"><img data-opt-src=\"https:\/\/mlpu4x94dnfe.i.optimole.com\/w:auto\/h:auto\/q:mauto\/https:\/\/www.farma-podyji.cz\/wp-content\/uploads\/2025\/03\/redyk-2024-03-web.jpg\"  decoding=\"async\" width=\"1000\" height=\"667\" src=\"https:\/\/mlpu4x94dnfe.i.optimole.com\/w:auto\/h:auto\/q:eco\/https:\/\/www.farma-podyji.cz\/wp-content\/uploads\/2025\/03\/redyk-2024-03-web.jpg\" alt=\"\" class=\"wp-image-835\"\/><noscript><img decoding=\"async\" width=\"1000\" height=\"667\" src=\"https:\/\/mlpu4x94dnfe.i.optimole.com\/w:auto\/h:auto\/q:mauto\/https:\/\/www.farma-podyji.cz\/wp-content\/uploads\/2025\/03\/redyk-2024-03-web.jpg\" alt=\"\" class=\"wp-image-835\"\/></noscript><figcaption class=\"wp-element-caption\">foto: Krist\u00fdna Urb\u00e1nkov\u00e1<\/figcaption><\/figure><\/div><\/div>\n<\/div>\n\n\n\n<div style=\"height:15px\" aria-hidden=\"true\" class=\"wp-block-spacer\"><\/div>\n\n\n\n<div class=\"is-layout-flex wp-container-10 wp-block-columns\">\n<div class=\"is-layout-flow wp-block-column\">\n<figure class=\"wp-block-image size-full\"><img data-opt-src=\"https:\/\/mlpu4x94dnfe.i.optimole.com\/w:auto\/h:auto\/q:mauto\/https:\/\/www.farma-podyji.cz\/wp-content\/uploads\/2025\/03\/redyk-2024-04-web.jpg\"  decoding=\"async\" width=\"667\" height=\"1000\" src=\"https:\/\/mlpu4x94dnfe.i.optimole.com\/w:auto\/h:auto\/q:eco\/https:\/\/www.farma-podyji.cz\/wp-content\/uploads\/2025\/03\/redyk-2024-04-web.jpg\" alt=\"\" class=\"wp-image-844\"\/><noscript><img decoding=\"async\" width=\"667\" height=\"1000\" src=\"https:\/\/mlpu4x94dnfe.i.optimole.com\/w:auto\/h:auto\/q:mauto\/https:\/\/www.farma-podyji.cz\/wp-content\/uploads\/2025\/03\/redyk-2024-04-web.jpg\" alt=\"\" class=\"wp-image-844\"\/></noscript><figcaption class=\"wp-element-caption\">Na hr\u00e1zi <\/figcaption><\/figure>\n<\/div>\n\n\n\n<div class=\"is-layout-flow wp-block-column\">\n<figure class=\"wp-block-image size-full\"><img data-opt-src=\"https:\/\/mlpu4x94dnfe.i.optimole.com\/w:auto\/h:auto\/q:mauto\/https:\/\/www.farma-podyji.cz\/wp-content\/uploads\/2025\/03\/redyk-2024-05-web.jpg\"  decoding=\"async\" width=\"667\" height=\"1000\" src=\"https:\/\/mlpu4x94dnfe.i.optimole.com\/w:auto\/h:auto\/q:eco\/https:\/\/www.farma-podyji.cz\/wp-content\/uploads\/2025\/03\/redyk-2024-05-web.jpg\" alt=\"\" class=\"wp-image-845\"\/><noscript><img decoding=\"async\" width=\"667\" height=\"1000\" src=\"https:\/\/mlpu4x94dnfe.i.optimole.com\/w:auto\/h:auto\/q:mauto\/https:\/\/www.farma-podyji.cz\/wp-content\/uploads\/2025\/03\/redyk-2024-05-web.jpg\" alt=\"\" class=\"wp-image-845\"\/></noscript><figcaption class=\"wp-element-caption\">Na cest\u011b<\/figcaption><\/figure>\n<\/div>\n<\/div>\n\n\n\n<h4><br><strong>REDYK 2022<\/strong><\/h4>\n\n\n\n<p>V p\u00e1tek 25. listopadu 2022 jsme zapo\u010dali ji\u017e sedm\u00fd redyk, tedy p\u0159esun na\u0161ich st\u00e1d z letn\u00edch pastvin na zimovi\u0161t\u011b. Vych\u00e1zelo se op\u011bt z Kate\u0159insk\u00e9ho dvora u Znojma a c\u00edl cesty byl u Nov\u00e9ho P\u0159erova. Po cca 45 kilometrech ch\u016fze jsme konec pasteveck\u00e9ho roku oslavili na J\u00e1\u0148ov\u011b dvo\u0159e. V n\u00e1sleduj\u00edc\u00edch dnech a t\u00fddnech \u010dek\u00e1 st\u00e1do posledn\u00ed venkovn\u00ed pastva a v pr\u016fb\u011bhu prosince se zv\u00ed\u0159ata p\u0159esunou do ov\u010d\u00edna v Nov\u00e9m P\u0159erov\u011b.<\/p>\n\n\n\n<figure class=\"wp-block-image size-large\"><img data-opt-src=\"https:\/\/mlpu4x94dnfe.i.optimole.com\/w:1024\/h:682\/q:mauto\/https:\/\/www.farma-podyji.cz\/wp-content\/uploads\/2022\/12\/redyk22-01.jpg\"  decoding=\"async\" width=\"1024\" height=\"682\" src=\"https:\/\/mlpu4x94dnfe.i.optimole.com\/w:1024\/h:682\/q:eco\/https:\/\/www.farma-podyji.cz\/wp-content\/uploads\/2022\/12\/redyk22-01.jpg\" alt=\"\" class=\"wp-image-785\"\/><noscript><img decoding=\"async\" width=\"1024\" height=\"682\" src=\"https:\/\/mlpu4x94dnfe.i.optimole.com\/w:1024\/h:682\/q:mauto\/https:\/\/www.farma-podyji.cz\/wp-content\/uploads\/2022\/12\/redyk22-01.jpg\" alt=\"\" class=\"wp-image-785\"\/></noscript><figcaption class=\"wp-element-caption\">R\u00e1no p\u0159ed v\u00fdchodem na Kate\u0159insk\u00e9m dvo\u0159e, p\u00e1tek 25. 11. 2022. Foto: Krist\u00fdna Urb\u00e1nkov\u00e1<\/figcaption><\/figure>\n\n\n\n<div class=\"is-layout-flex wp-container-13 wp-block-columns\">\n<div class=\"is-layout-flow wp-block-column\">\n<figure class=\"wp-block-image size-large\"><img data-opt-src=\"https:\/\/mlpu4x94dnfe.i.optimole.com\/w:1024\/h:682\/q:mauto\/https:\/\/www.farma-podyji.cz\/wp-content\/uploads\/2022\/12\/redyk22-07.jpg\"  decoding=\"async\" width=\"1024\" height=\"682\" src=\"https:\/\/mlpu4x94dnfe.i.optimole.com\/w:1024\/h:682\/q:eco\/https:\/\/www.farma-podyji.cz\/wp-content\/uploads\/2022\/12\/redyk22-07.jpg\" alt=\"\" class=\"wp-image-786\"\/><noscript><img decoding=\"async\" width=\"1024\" height=\"682\" src=\"https:\/\/mlpu4x94dnfe.i.optimole.com\/w:1024\/h:682\/q:mauto\/https:\/\/www.farma-podyji.cz\/wp-content\/uploads\/2022\/12\/redyk22-07.jpg\" alt=\"\" class=\"wp-image-786\"\/></noscript><figcaption class=\"wp-element-caption\">Sm\u011brem na Na\u010deratice, p\u00e1tek kolem 9:00<\/figcaption><\/figure>\n\n\n\n<figure class=\"wp-block-image size-large\"><img data-opt-src=\"https:\/\/mlpu4x94dnfe.i.optimole.com\/w:1024\/h:682\/q:mauto\/https:\/\/www.farma-podyji.cz\/wp-content\/uploads\/2022\/12\/redyk22-21.jpg\"  decoding=\"async\" width=\"1024\" height=\"682\" src=\"https:\/\/mlpu4x94dnfe.i.optimole.com\/w:1024\/h:682\/q:eco\/https:\/\/www.farma-podyji.cz\/wp-content\/uploads\/2022\/12\/redyk22-21.jpg\" alt=\"\" class=\"wp-image-788\"\/><noscript><img decoding=\"async\" width=\"1024\" height=\"682\" src=\"https:\/\/mlpu4x94dnfe.i.optimole.com\/w:1024\/h:682\/q:mauto\/https:\/\/www.farma-podyji.cz\/wp-content\/uploads\/2022\/12\/redyk22-21.jpg\" alt=\"\" class=\"wp-image-788\"\/></noscript><figcaption class=\"wp-element-caption\">Jaroslavick\u00fd rybn\u00edk, p\u00e1tek kolem 14:00<\/figcaption><\/figure>\n<\/div>\n\n\n\n<div class=\"is-layout-flow wp-block-column\">\n<figure class=\"wp-block-image size-large\"><img data-opt-src=\"https:\/\/mlpu4x94dnfe.i.optimole.com\/w:1024\/h:682\/q:mauto\/https:\/\/www.farma-podyji.cz\/wp-content\/uploads\/2022\/12\/redyk22-16.jpg\"  decoding=\"async\" width=\"1024\" height=\"682\" src=\"https:\/\/mlpu4x94dnfe.i.optimole.com\/w:1024\/h:682\/q:eco\/https:\/\/www.farma-podyji.cz\/wp-content\/uploads\/2022\/12\/redyk22-16.jpg\" alt=\"\" class=\"wp-image-787\"\/><noscript><img decoding=\"async\" width=\"1024\" height=\"682\" src=\"https:\/\/mlpu4x94dnfe.i.optimole.com\/w:1024\/h:682\/q:mauto\/https:\/\/www.farma-podyji.cz\/wp-content\/uploads\/2022\/12\/redyk22-16.jpg\" alt=\"\" class=\"wp-image-787\"\/></noscript><figcaption class=\"wp-element-caption\">p\u0159ed Strachoticema, p\u00e1tek kolem 11:00<\/figcaption><\/figure>\n\n\n\n<figure class=\"wp-block-image size-large is-resized\"><img data-opt-src=\"https:\/\/mlpu4x94dnfe.i.optimole.com\/w:1024\/h:682\/q:mauto\/https:\/\/www.farma-podyji.cz\/wp-content\/uploads\/2022\/12\/redyk22-26.jpg\"  decoding=\"async\" src=\"https:\/\/mlpu4x94dnfe.i.optimole.com\/w:1024\/h:682\/q:eco\/https:\/\/www.farma-podyji.cz\/wp-content\/uploads\/2022\/12\/redyk22-26.jpg\" alt=\"\" class=\"wp-image-789\" width=\"404\" height=\"269\"\/><noscript><img decoding=\"async\" src=\"https:\/\/mlpu4x94dnfe.i.optimole.com\/w:1024\/h:682\/q:mauto\/https:\/\/www.farma-podyji.cz\/wp-content\/uploads\/2022\/12\/redyk22-26.jpg\" alt=\"\" class=\"wp-image-789\" width=\"404\" height=\"269\"\/></noscript><figcaption class=\"wp-element-caption\">Na cest\u011b, sobota<\/figcaption><\/figure>\n<\/div>\n<\/div>\n\n\n\n<p><strong>BAHN\u011aN\u00cd NA JA\u0158E ROKU 2022<\/strong><\/p>\n\n\n\n<p>B\u011bhem b\u0159ezna a dubna 2022 se na\u0161im ovc\u00edm a koz\u00e1m narodila nov\u00e1 jeh\u0148ata a k\u016fzlata. Leto\u0161n\u00edho roku rodilo 90&nbsp;ovc\u00ed a&nbsp;4&nbsp;kozy. Na za\u010d\u00e1tku kv\u011btna za\u010dne na Na\u010deratick\u00e9m kopci voln\u00e1 pastva. <\/p>\n\n\n\n<figure class=\"wp-block-image size-large\"><img data-opt-src=\"https:\/\/mlpu4x94dnfe.i.optimole.com\/w:1024\/h:768\/q:mauto\/https:\/\/www.farma-podyji.cz\/wp-content\/uploads\/2022\/04\/DSC01981.jpg\"  decoding=\"async\" width=\"1024\" height=\"768\" src=\"https:\/\/mlpu4x94dnfe.i.optimole.com\/w:1024\/h:768\/q:eco\/https:\/\/www.farma-podyji.cz\/wp-content\/uploads\/2022\/04\/DSC01981.jpg\" alt=\"\" class=\"wp-image-731\"\/><noscript><img decoding=\"async\" width=\"1024\" height=\"768\" src=\"https:\/\/mlpu4x94dnfe.i.optimole.com\/w:1024\/h:768\/q:mauto\/https:\/\/www.farma-podyji.cz\/wp-content\/uploads\/2022\/04\/DSC01981.jpg\" alt=\"\" class=\"wp-image-731\"\/></noscript><figcaption class=\"wp-element-caption\">Bahn\u011bn\u00ed na Kate\u0159insk\u00e9m dvo\u0159e, konec b\u0159ezna 2022<\/figcaption><\/figure>\n\n\n\n<hr class=\"wp-block-separator has-text-color has-cyan-bluish-gray-color has-css-opacity has-cyan-bluish-gray-background-color has-background\"\/>\n\n\n\n<h4><strong>PF 2022<\/strong><\/h4>\n\n\n\n<p>V\u00e1\u017een\u00ed p\u0159\u00e1tel\u00e9 Ov\u010d\u00ed farmy Podyj\u00ed i jin\u00fdch ov\u010d\u00e1ck\u00fdch a&nbsp;pasteveck\u00fdch skupin. Lou\u010d\u00edme se s v\u00e1mi z temn\u00e9ho roku 2021&nbsp;a&nbsp;douf\u00e1me, \u017ee nejen na\u0161e st\u00e1da \u2013 st\u00e1le pln\u00e1 \u017eivota \u2013 budou pro v\u00e1s povzbuzen\u00edm do snad ji\u017e p\u0159\u00edzniv\u011bj\u0161\u00edho roku&nbsp;2022.<\/p>\n\n\n\n<p><\/p>\n\n\n\n<figure class=\"wp-block-image size-full is-style-default\"><img data-opt-src=\"https:\/\/mlpu4x94dnfe.i.optimole.com\/w:auto\/h:auto\/q:mauto\/https:\/\/www.farma-podyji.cz\/wp-content\/uploads\/2022\/01\/PF2022-x1-1.jpg\"  decoding=\"async\" width=\"1000\" height=\"476\" src=\"https:\/\/mlpu4x94dnfe.i.optimole.com\/w:auto\/h:auto\/q:eco\/https:\/\/www.farma-podyji.cz\/wp-content\/uploads\/2022\/01\/PF2022-x1-1.jpg\" alt=\"\" class=\"wp-image-649\"\/><noscript><img decoding=\"async\" width=\"1000\" height=\"476\" src=\"https:\/\/mlpu4x94dnfe.i.optimole.com\/w:auto\/h:auto\/q:mauto\/https:\/\/www.farma-podyji.cz\/wp-content\/uploads\/2022\/01\/PF2022-x1-1.jpg\" alt=\"\" class=\"wp-image-649\"\/></noscript><\/figure>\n\n\n\n<hr class=\"wp-block-separator has-text-color has-cyan-bluish-gray-color has-css-opacity has-cyan-bluish-gray-background-color has-background is-style-default\"\/>\n\n\n\n<h4><strong>Redyk 2021<\/strong><\/h4>\n\n\n\n<p>Op\u011bt koncem listopadu vyrazila karavana ov\u010d\u00e1k\u016f z Kate\u0159insk\u00e9ho dvora k Nov\u00e9mu P\u0159erovu. Leto\u0161n\u00ed redyk se konal ve sn\u011bhu a p\u0159es obt\u00ed\u017en\u00e9 podm\u00ednky cel\u00e1 karavana \u00fasp\u011b\u0161n\u011b dorazila v ned\u011bli 28. listopadu 2021 do c\u00edle. Fotografie letos vyhotovila Ludmila Pavoni\u010dov\u00e1.  <\/p>\n\n\n\n<figure class=\"wp-block-image size-large is-style-default\"><img data-opt-src=\"https:\/\/mlpu4x94dnfe.i.optimole.com\/w:1024\/h:683\/q:mauto\/https:\/\/www.farma-podyji.cz\/wp-content\/uploads\/2022\/01\/xIMG_8427.jpg\"  decoding=\"async\" width=\"1024\" height=\"683\" src=\"https:\/\/mlpu4x94dnfe.i.optimole.com\/w:1024\/h:683\/q:eco\/https:\/\/www.farma-podyji.cz\/wp-content\/uploads\/2022\/01\/xIMG_8427.jpg\" alt=\"\" class=\"wp-image-647\"\/><noscript><img decoding=\"async\" width=\"1024\" height=\"683\" src=\"https:\/\/mlpu4x94dnfe.i.optimole.com\/w:1024\/h:683\/q:mauto\/https:\/\/www.farma-podyji.cz\/wp-content\/uploads\/2022\/01\/xIMG_8427.jpg\" alt=\"\" class=\"wp-image-647\"\/></noscript><figcaption class=\"wp-element-caption\">Redyk 2021, foto: Ludmila Pavoni\u010dov\u00e1<\/figcaption><\/figure>\n\n\n\n<div style=\"height:10px\" aria-hidden=\"true\" class=\"wp-block-spacer\"><\/div>\n\n\n\n<hr class=\"wp-block-separator has-text-color has-cyan-bluish-gray-color has-css-opacity has-cyan-bluish-gray-background-color has-background\"\/>\n\n\n\n<h4><strong>Jaro 2021 je tady a s n\u00edm i zrozen\u00ed nov\u00e9ho \u017eivota!<\/strong><\/h4>\n\n\n\n<p>Tohoto roku prob\u00edhaly porody na Kate\u0159insk\u00e9m dvo\u0159e a&nbsp;na Krav\u00ed ho\u0159e. Odrodilo pades\u00e1t ovc\u00ed&nbsp;a narodilo se n\u011bco m\u00e1lo p\u0159es sto jeh\u0148at.&nbsp;T\u00e9\u017e rodilo n\u011bkolik ka\u0161m\u00edrsk\u00fdch koz.&nbsp;<\/p>\n\n\n\n<figure class=\"wp-block-image size-large\"><img data-opt-src=\"https:\/\/mlpu4x94dnfe.i.optimole.com\/w:1024\/h:683\/q:mauto\/https:\/\/www.farma-podyji.cz\/wp-content\/uploads\/2021\/05\/jaro-porody.jpg\"  decoding=\"async\" width=\"1024\" height=\"683\" src=\"https:\/\/mlpu4x94dnfe.i.optimole.com\/w:1024\/h:683\/q:eco\/https:\/\/www.farma-podyji.cz\/wp-content\/uploads\/2021\/05\/jaro-porody.jpg\" alt=\"\" class=\"wp-image-57\"\/><noscript><img decoding=\"async\" width=\"1024\" height=\"683\" src=\"https:\/\/mlpu4x94dnfe.i.optimole.com\/w:1024\/h:683\/q:mauto\/https:\/\/www.farma-podyji.cz\/wp-content\/uploads\/2021\/05\/jaro-porody.jpg\" alt=\"\" class=\"wp-image-57\"\/></noscript><figcaption class=\"wp-element-caption\">Romanovsk\u00e9 ovce s jeh\u0148aty odpo\u010d\u00edvaj\u00ed pod hru\u0161n\u00ed. Polovina dubna 2021, Krav\u00ed hora u Znojma<\/figcaption><\/figure>\n","protected":false},"excerpt":{"rendered":"<p>BAHN\u011aN\u00cd 2025 V m\u011bs\u00edci b\u0159eznu se na na\u0161\u00ed farm\u011b narodilo kolem sto pades\u00e1ti nov\u00fdch jeh\u0148at. Bahn\u011bn\u00ed letos prob\u011bhlo pom\u011brn\u011b rychle a bez v\u011bt\u0161\u00edch probl\u00e9m\u016f. Po dvo\u0159e b\u011bh\u00e1 i n\u011bkolik \u010dty\u0159\u010dat. Ty se i s ostatn\u00edmi jeh\u0148aty a zbytkem st\u00e1da ji\u017e brzy p\u0159esunou na jarn\u00ed pastviny na Na\u010deratick\u00fd kopec. JEHN\u011a\u010c\u00cd MASO 2024 (nem\u00e1me jatka, nem\u016f\u017eeme jehn\u011b\u010d\u00ed &hellip; <\/p>\n<p class=\"link-more\"><a href=\"https:\/\/www.farma-podyji.cz\/\" class=\"more-link\">Read the full post &rarr;<span class=\"screen-reader-text\">&#8222;AKTUALITY&#8220;<\/span><\/a><\/p>\n","protected":false},"author":1,"featured_media":0,"parent":0,"menu_order":0,"comment_status":"closed","ping_status":"closed","template":"","meta":[],"_links":{"self":[{"href":"https:\/\/www.farma-podyji.cz\/index.php\/wp-json\/wp\/v2\/pages\/29"}],"collection":[{"href":"https:\/\/www.farma-podyji.cz\/index.php\/wp-json\/wp\/v2\/pages"}],"about":[{"href":"https:\/\/www.farma-podyji.cz\/index.php\/wp-json\/wp\/v2\/types\/page"}],"author":[{"embeddable":true,"href":"https:\/\/www.farma-podyji.cz\/index.php\/wp-json\/wp\/v2\/users\/1"}],"replies":[{"embeddable":true,"href":"https:\/\/www.farma-podyji.cz\/index.php\/wp-json\/wp\/v2\/comments?post=29"}],"version-history":[{"count":64,"href":"https:\/\/www.farma-podyji.cz\/index.php\/wp-json\/wp\/v2\/pages\/29\/revisions"}],"predecessor-version":[{"id":901,"href":"https:\/\/www.farma-podyji.cz\/index.php\/wp-json\/wp\/v2\/pages\/29\/revisions\/901"}],"wp:attachment":[{"href":"https:\/\/www.farma-podyji.cz\/index.php\/wp-json\/wp\/v2\/media?parent=29"}],"curies":[{"name":"wp","href":"https:\/\/api.w.org\/{rel}","templated":true}]}}