{"id":353,"date":"2021-05-12T14:07:29","date_gmt":"2021-05-12T14:07:29","guid":{"rendered":"http:\/\/www.farma-podyji.cz\/?page_id=353"},"modified":"2022-01-06T13:51:30","modified_gmt":"2022-01-06T13:51:30","slug":"starsi","status":"publish","type":"page","link":"https:\/\/www.farma-podyji.cz\/index.php\/kultura\/starsi\/","title":{"rendered":"STAR\u0160\u00cd &#8230;"},"content":{"rendered":"\n<h2><strong>Den Zem\u011b, duben 2015<\/strong><\/h2>\n\n\n\n<p>Na ja\u0159e roku 2015 jsme uspo\u0159\u00e1dali na Na\u010deratick\u00e9m kopci k&nbsp;p\u0159\u00edle\u017eitosti <strong>Dne Zem\u011b<\/strong> akci s&nbsp;n\u00e1zvem <strong>\u00daklid Na\u010deratick\u00e9ho kopce<\/strong>,&nbsp; prob\u011bhla tak\u00e9 v r\u00e1mci celosv\u011btov\u00e9 kampan\u011b <strong>Ukli\u010fme sv\u011bt<\/strong>.&nbsp;Ov\u010d\u00e1ci z&nbsp;Farmy Podyj\u00ed, kte\u0159\u00ed se ji\u017e t\u0159et\u00edm rokem staraj\u00ed o&nbsp;pastvu ovc\u00ed a&nbsp;vy\u0159ez\u00e1vku k\u0159ovin, se zhostili jej\u00ed organizace. Z\u00fa\u010dastnilo se celkem 16 d\u011bt\u00ed a&nbsp;19&nbsp;dosp\u011bl\u00fdch, 3.&nbsp;sm\u00ed\u0161en\u00fd odd\u00edl skaut\u016f ze st\u0159ediska Podyj\u00ed, samotn\u00ed ov\u010d\u00e1ci a&nbsp;dobrovoln\u00edci.<\/p>\n\n\n\n<p>Naplnili jsme dva dev\u00edtitunov\u00e9 kontejnery, kter\u00e9 p\u0159istavila firma ASA, M\u011bsto Znojmo se postaralo o&nbsp;jejich poskytnut\u00ed a n\u00e1slednou likvidaci odpadu. Jeden cel\u00fd kontejner naplnily pneumatiky a druh\u00fd obsahoval sm\u011bsn\u00fd odpad. Odpad poch\u00e1zel ze&nbsp;star\u00fdch skl\u00e1dek objeven\u00fdch p\u0159i vy\u0159ez\u00e1vce ke\u0159\u016f. \u00daklid jsme zakon\u010dili posezen\u00edm u ohn\u011b s op\u00e9k\u00e1n\u00edm \u0161pek\u00e1\u010dk\u016f.<\/p>\n\n\n\n<figure class=\"wp-block-image size-large is-style-default\"><img decoding=\"async\" width=\"1024\" height=\"768\" src=\"https:\/\/mlpu4x94dnfe.i.optimole.com\/w:1024\/h:768\/q:mauto\/https:\/\/www.farma-podyji.cz\/wp-content\/uploads\/2021\/05\/P1010197.jpg\" alt=\"\" class=\"wp-image-354\"\/><figcaption>Jarn\u00ed \u00faklid Na\u010deratick\u00e9ho kopce, 18.4.2015<\/figcaption><\/figure>\n\n\n\n<h2><strong>Sh\u00e1n\u011bn\u00ed, listopad 2014<\/strong><\/h2>\n\n\n\n<figure class=\"wp-block-image size-large is-style-default\"><img decoding=\"async\" width=\"700\" height=\"525\" src=\"https:\/\/mlpu4x94dnfe.i.optimole.com\/w:auto\/h:auto\/q:mauto\/https:\/\/www.farma-podyji.cz\/wp-content\/uploads\/2021\/05\/shaneni.jpg\" alt=\"\" class=\"wp-image-355\"\/><figcaption>Kate\u0159insk\u00fd dv\u016fr o Sh\u00e1n\u011bn\u00ed, listopad 2014<\/figcaption><\/figure>\n\n\n\n<figure class=\"wp-block-image size-large is-style-default\"><img decoding=\"async\" width=\"700\" height=\"990\" src=\"https:\/\/mlpu4x94dnfe.i.optimole.com\/w:auto\/h:auto\/q:mauto\/https:\/\/www.farma-podyji.cz\/wp-content\/uploads\/2021\/05\/shaneni_b.jpg\" alt=\"\" class=\"wp-image-356\"\/><figcaption>Ji\u017e podruh\u00e9 jsme slavnostn\u011b zahnali ovce ze sez\u00f3nn\u00ed pastviny na Na\u010deratick\u00e9m kopci na na\u0161e zimovi\u0161t\u011b na Kate\u0159insk\u00e9m dvo\u0159e.&nbsp;<\/figcaption><\/figure>\n\n\n\n<figure class=\"wp-block-image size-large is-style-default\"><img data-opt-src=\"https:\/\/mlpu4x94dnfe.i.optimole.com\/w:1024\/h:768\/q:mauto\/https:\/\/www.farma-podyji.cz\/wp-content\/uploads\/2021\/05\/P1010123.jpg\"  decoding=\"async\" width=\"1024\" height=\"768\" src=\"https:\/\/mlpu4x94dnfe.i.optimole.com\/w:1024\/h:768\/q:eco\/https:\/\/www.farma-podyji.cz\/wp-content\/uploads\/2021\/05\/P1010123.jpg\" alt=\"\" class=\"wp-image-357\"\/><noscript><img decoding=\"async\" width=\"1024\" height=\"768\" src=\"https:\/\/mlpu4x94dnfe.i.optimole.com\/w:1024\/h:768\/q:mauto\/https:\/\/www.farma-podyji.cz\/wp-content\/uploads\/2021\/05\/P1010123.jpg\" alt=\"\" class=\"wp-image-357\"\/></noscript><figcaption>Sh\u00e1n\u011bn\u00ed st\u00e1da doprov\u00e1zel zvuk tradi\u010dn\u00edho pasteveck\u00e9ho hudebn\u00edho n\u00e1stroje \u2013 gajd.<\/figcaption><\/figure>\n\n\n\n<figure class=\"wp-block-image size-large is-style-default\"><img data-opt-src=\"https:\/\/mlpu4x94dnfe.i.optimole.com\/w:1024\/h:768\/q:mauto\/https:\/\/www.farma-podyji.cz\/wp-content\/uploads\/2021\/05\/P1010124.jpg\"  decoding=\"async\" width=\"1024\" height=\"768\" src=\"https:\/\/mlpu4x94dnfe.i.optimole.com\/w:1024\/h:768\/q:eco\/https:\/\/www.farma-podyji.cz\/wp-content\/uploads\/2021\/05\/P1010124.jpg\" alt=\"\" class=\"wp-image-358\"\/><noscript><img decoding=\"async\" width=\"1024\" height=\"768\" src=\"https:\/\/mlpu4x94dnfe.i.optimole.com\/w:1024\/h:768\/q:mauto\/https:\/\/www.farma-podyji.cz\/wp-content\/uploads\/2021\/05\/P1010124.jpg\" alt=\"\" class=\"wp-image-358\"\/></noscript><figcaption>Zahn\u00e1n\u00ed st\u00e1da bylo sp\u00ed\u0161e symbolick\u00e9 \u2013 pastvina se st\u00e1le zelen\u00e1 a o p\u0159\u00edchodu opravdov\u00e9 zimy se zde zat\u00edm nejedn\u00e1.<\/figcaption><\/figure>\n\n\n\n<figure class=\"wp-block-image size-large is-style-default\"><img data-opt-src=\"https:\/\/mlpu4x94dnfe.i.optimole.com\/w:1024\/h:768\/q:mauto\/https:\/\/www.farma-podyji.cz\/wp-content\/uploads\/2021\/05\/P1010129.jpg\"  decoding=\"async\" width=\"1024\" height=\"768\" src=\"https:\/\/mlpu4x94dnfe.i.optimole.com\/w:1024\/h:768\/q:eco\/https:\/\/www.farma-podyji.cz\/wp-content\/uploads\/2021\/05\/P1010129.jpg\" alt=\"\" class=\"wp-image-359\"\/><noscript><img decoding=\"async\" width=\"1024\" height=\"768\" src=\"https:\/\/mlpu4x94dnfe.i.optimole.com\/w:1024\/h:768\/q:mauto\/https:\/\/www.farma-podyji.cz\/wp-content\/uploads\/2021\/05\/P1010129.jpg\" alt=\"\" class=\"wp-image-359\"\/></noscript><figcaption>P\u0159i p\u0159\u00edle\u017eitosti Sh\u00e1n\u011bn\u00ed jsme na Kate\u0159insk\u00e9m dvo\u0159e vysadili l\u00edpu.&nbsp;<\/figcaption><\/figure>\n\n\n\n<figure class=\"wp-block-image size-large is-style-default\"><img data-opt-src=\"https:\/\/mlpu4x94dnfe.i.optimole.com\/w:1024\/h:768\/q:mauto\/https:\/\/www.farma-podyji.cz\/wp-content\/uploads\/2021\/05\/P1010133.jpg\"  decoding=\"async\" width=\"1024\" height=\"768\" src=\"https:\/\/mlpu4x94dnfe.i.optimole.com\/w:1024\/h:768\/q:eco\/https:\/\/www.farma-podyji.cz\/wp-content\/uploads\/2021\/05\/P1010133.jpg\" alt=\"\" class=\"wp-image-360\"\/><noscript><img decoding=\"async\" width=\"1024\" height=\"768\" src=\"https:\/\/mlpu4x94dnfe.i.optimole.com\/w:1024\/h:768\/q:mauto\/https:\/\/www.farma-podyji.cz\/wp-content\/uploads\/2021\/05\/P1010133.jpg\" alt=\"\" class=\"wp-image-360\"\/></noscript><figcaption>N\u00e1slednou hudebn\u00ed produkci si \u00fa\u010dastn\u00edci sh\u00e1n\u011bn\u00ed u\u017e\u00edvali spolu se st\u00e1dem ovc\u00ed.<\/figcaption><\/figure>\n\n\n\n<figure class=\"wp-block-image size-large is-style-default\"><img data-opt-src=\"https:\/\/mlpu4x94dnfe.i.optimole.com\/w:1024\/h:768\/q:mauto\/https:\/\/www.farma-podyji.cz\/wp-content\/uploads\/2021\/05\/P1010137.jpg\"  decoding=\"async\" width=\"1024\" height=\"768\" src=\"https:\/\/mlpu4x94dnfe.i.optimole.com\/w:1024\/h:768\/q:eco\/https:\/\/www.farma-podyji.cz\/wp-content\/uploads\/2021\/05\/P1010137.jpg\" alt=\"\" class=\"wp-image-361\"\/><noscript><img decoding=\"async\" width=\"1024\" height=\"768\" src=\"https:\/\/mlpu4x94dnfe.i.optimole.com\/w:1024\/h:768\/q:mauto\/https:\/\/www.farma-podyji.cz\/wp-content\/uploads\/2021\/05\/P1010137.jpg\" alt=\"\" class=\"wp-image-361\"\/></noscript><figcaption>Koz\u00ed s\u00fdry a jehn\u011b\u010d\u00ed klob\u00e1sky, ob\u00e9 z vlastn\u00ed produkce a je\u0161t\u011b z rukou na\u0161\u00ed p\u016fvabn\u00e9 zv\u011brol\u00e9ka\u0159ky.<\/figcaption><\/figure>\n\n\n\n<figure class=\"wp-block-image size-large is-style-default\"><img data-opt-src=\"https:\/\/mlpu4x94dnfe.i.optimole.com\/w:1024\/h:768\/q:mauto\/https:\/\/www.farma-podyji.cz\/wp-content\/uploads\/2021\/05\/P1010140.jpg\"  decoding=\"async\" width=\"1024\" height=\"768\" src=\"https:\/\/mlpu4x94dnfe.i.optimole.com\/w:1024\/h:768\/q:eco\/https:\/\/www.farma-podyji.cz\/wp-content\/uploads\/2021\/05\/P1010140.jpg\" alt=\"\" class=\"wp-image-362\"\/><noscript><img decoding=\"async\" width=\"1024\" height=\"768\" src=\"https:\/\/mlpu4x94dnfe.i.optimole.com\/w:1024\/h:768\/q:mauto\/https:\/\/www.farma-podyji.cz\/wp-content\/uploads\/2021\/05\/P1010140.jpg\" alt=\"\" class=\"wp-image-362\"\/></noscript><figcaption>T\u00edhneme k Balk\u00e1nu: pol\u00e9vka &#8222;\u010dorba&#8220; na dva zp\u016fsoby a kotl\u00edk z jehn\u011b\u010d\u00edho masa a&nbsp;zeleniny. Kr\u00e1tce p\u0159ed pod\u00e1v\u00e1n\u00edm.<\/figcaption><\/figure>\n\n\n\n<figure class=\"wp-block-image size-large is-style-default\"><img data-opt-src=\"https:\/\/mlpu4x94dnfe.i.optimole.com\/w:1024\/h:768\/q:mauto\/https:\/\/www.farma-podyji.cz\/wp-content\/uploads\/2021\/05\/P1010141.jpg\"  decoding=\"async\" width=\"1024\" height=\"768\" src=\"https:\/\/mlpu4x94dnfe.i.optimole.com\/w:1024\/h:768\/q:eco\/https:\/\/www.farma-podyji.cz\/wp-content\/uploads\/2021\/05\/P1010141.jpg\" alt=\"\" class=\"wp-image-363\"\/><noscript><img decoding=\"async\" width=\"1024\" height=\"768\" src=\"https:\/\/mlpu4x94dnfe.i.optimole.com\/w:1024\/h:768\/q:mauto\/https:\/\/www.farma-podyji.cz\/wp-content\/uploads\/2021\/05\/P1010141.jpg\" alt=\"\" class=\"wp-image-363\"\/></noscript><figcaption>V mezi\u010dase v\u00fdstava o pastv\u011b v Makedonii, tureck\u00fd \u010daj, v\u00fdrobky z vlny \u010di produkty s sebou. V\u0161e v prost\u0159ed\u00ed zachoval\u00e9 s\u00fdpky.<\/figcaption><\/figure>\n\n\n\n<figure class=\"wp-block-image size-large is-style-default\"><img data-opt-src=\"https:\/\/mlpu4x94dnfe.i.optimole.com\/w:1024\/h:768\/q:mauto\/https:\/\/www.farma-podyji.cz\/wp-content\/uploads\/2021\/05\/P1010142.jpg\"  decoding=\"async\" width=\"1024\" height=\"768\" src=\"https:\/\/mlpu4x94dnfe.i.optimole.com\/w:1024\/h:768\/q:eco\/https:\/\/www.farma-podyji.cz\/wp-content\/uploads\/2021\/05\/P1010142.jpg\" alt=\"\" class=\"wp-image-364\"\/><noscript><img decoding=\"async\" width=\"1024\" height=\"768\" src=\"https:\/\/mlpu4x94dnfe.i.optimole.com\/w:1024\/h:768\/q:mauto\/https:\/\/www.farma-podyji.cz\/wp-content\/uploads\/2021\/05\/P1010142.jpg\" alt=\"\" class=\"wp-image-364\"\/></noscript><figcaption>Uva\u0159eno s dobrou n\u00e1ladou p\u0159\u00edmo samotn\u00fdmi ov\u010d\u00e1ky a pastevci. Po odzkou\u0161en\u00fdch specialit\u00e1ch se jen zapr\u00e1\u0161ilo.<\/figcaption><\/figure>\n\n\n\n<p><\/p>\n\n\n\n<p> <a href=\"https:\/\/www.farma-podyji.cz\/index.php\/kultura\/kultura-2021\/\" data-type=\"page\" data-id=\"589\">KULTURA 2021<\/a>  |  <a href=\"https:\/\/www.farma-podyji.cz\/index.php\/kultura\/kultura-2020\/\" data-type=\"page\" data-id=\"523\">2020<\/a>  |  <a href=\"https:\/\/www.farma-podyji.cz\/index.php\/kultura\/kultura-2019\/\" data-type=\"page\" data-id=\"222\">2019<\/a>  |  <a href=\"https:\/\/www.farma-podyji.cz\/index.php\/kultura\/kultura-2018\/\" data-type=\"page\" data-id=\"285\">2018<\/a>  |  <a href=\"https:\/\/www.farma-podyji.cz\/index.php\/kultura\/kultura-2017\/\" data-type=\"page\" data-id=\"292\">2017<\/a>  |  <a href=\"https:\/\/www.farma-podyji.cz\/index.php\/kultura\/kultura-2016\/\" data-type=\"page\" data-id=\"330\">2016<\/a>  <\/p>\n","protected":false},"excerpt":{"rendered":"<p>Den Zem\u011b, duben 2015 Na ja\u0159e roku 2015 jsme uspo\u0159\u00e1dali na Na\u010deratick\u00e9m kopci k&nbsp;p\u0159\u00edle\u017eitosti Dne Zem\u011b akci s&nbsp;n\u00e1zvem \u00daklid Na\u010deratick\u00e9ho kopce,&nbsp; prob\u011bhla tak\u00e9 v r\u00e1mci celosv\u011btov\u00e9 kampan\u011b Ukli\u010fme sv\u011bt.&nbsp;Ov\u010d\u00e1ci z&nbsp;Farmy Podyj\u00ed, kte\u0159\u00ed se ji\u017e t\u0159et\u00edm rokem staraj\u00ed o&nbsp;pastvu ovc\u00ed a&nbsp;vy\u0159ez\u00e1vku k\u0159ovin, se zhostili jej\u00ed organizace. Z\u00fa\u010dastnilo se celkem 16 d\u011bt\u00ed a&nbsp;19&nbsp;dosp\u011bl\u00fdch, 3.&nbsp;sm\u00ed\u0161en\u00fd odd\u00edl skaut\u016f ze &hellip; <\/p>\n<p class=\"link-more\"><a href=\"https:\/\/www.farma-podyji.cz\/index.php\/kultura\/starsi\/\" class=\"more-link\">Read the full post &rarr;<span class=\"screen-reader-text\">&#8222;STAR\u0160\u00cd &#8230;&#8220;<\/span><\/a><\/p>\n","protected":false},"author":1,"featured_media":0,"parent":44,"menu_order":0,"comment_status":"closed","ping_status":"closed","template":"","meta":[],"_links":{"self":[{"href":"https:\/\/www.farma-podyji.cz\/index.php\/wp-json\/wp\/v2\/pages\/353"}],"collection":[{"href":"https:\/\/www.farma-podyji.cz\/index.php\/wp-json\/wp\/v2\/pages"}],"about":[{"href":"https:\/\/www.farma-podyji.cz\/index.php\/wp-json\/wp\/v2\/types\/page"}],"author":[{"embeddable":true,"href":"https:\/\/www.farma-podyji.cz\/index.php\/wp-json\/wp\/v2\/users\/1"}],"replies":[{"embeddable":true,"href":"https:\/\/www.farma-podyji.cz\/index.php\/wp-json\/wp\/v2\/comments?post=353"}],"version-history":[{"count":15,"href":"https:\/\/www.farma-podyji.cz\/index.php\/wp-json\/wp\/v2\/pages\/353\/revisions"}],"predecessor-version":[{"id":607,"href":"https:\/\/www.farma-podyji.cz\/index.php\/wp-json\/wp\/v2\/pages\/353\/revisions\/607"}],"up":[{"embeddable":true,"href":"https:\/\/www.farma-podyji.cz\/index.php\/wp-json\/wp\/v2\/pages\/44"}],"wp:attachment":[{"href":"https:\/\/www.farma-podyji.cz\/index.php\/wp-json\/wp\/v2\/media?parent=353"}],"curies":[{"name":"wp","href":"https:\/\/api.w.org\/{rel}","templated":true}]}}