{"id":47,"date":"2021-05-12T07:40:25","date_gmt":"2021-05-12T07:40:25","guid":{"rendered":"http:\/\/www.farma-podyji.cz\/?page_id=47"},"modified":"2025-06-04T01:55:12","modified_gmt":"2025-06-04T01:55:12","slug":"nabidka-prace","status":"publish","type":"page","link":"https:\/\/www.farma-podyji.cz\/index.php\/nabidka-prace\/","title":{"rendered":"NAB\u00cdDKA PR\u00c1CE"},"content":{"rendered":"\n<p><br><strong>Moment\u00e1ln\u011b se hled\u00e1 pastevec\/pastevkyn\u011b<\/strong>. Ide\u00e1ln\u011b s vlastn\u00edm psem, kter\u00fd m\u00e1 s t\u00edmto \u0159emeslem takt\u00e9\u017e zku\u0161enost. Uplatn\u011bn\u00ed- v lokalit\u011b P\u00e1lava na sez\u00f3nu 2026, ov\u0161em zau\u010den\u00ed a placen\u00e1 praxe by m\u011bla prob\u011bhnout ji\u017e letos. <br>Bli\u017e\u0161\u00ed informace<strong>: <\/strong>Petr Kosm\u00e1k, tel.: 605 820 737.<\/p>\n\n\n\n<p>Nab\u00edz\u00edme pr\u00e1ci v ov\u010d\u00e1ck\u00e9m kolektivu, kter\u00fd se star\u00e1 o&nbsp;asi p\u011bt stovek ovc\u00ed a n\u011bkolik des\u00edtek ka\u0161m\u00edrsk\u00fdch koz. V&nbsp;sou\u010dasn\u00e9 dob\u011b provozujeme&nbsp;t\u0159i voln\u00e9 pastvy- dv\u011b bl\u00edzko Znojma (N\u00e1rodn\u00ed park Podyj\u00ed a Na\u010deratick\u00fd kopec), a dal\u0161\u00ed na P\u00e1lav\u011b.&nbsp;Pastevn\u00ed sezona za\u010d\u00edn\u00e1 u\u017e v dubnu a kon\u010d\u00ed v listopadu. V zimn\u00edm \u010dase se star\u00e1me o&nbsp;dva ov\u010d\u00edny, kde krm\u00edme ovce a&nbsp;kozy vlastn\u00edm senem. D\u00e1le v&nbsp;zimn\u00edm obdob\u00ed prob\u00edh\u00e1 vy\u0159ez\u00e1vka pastvin, kde se nab\u00edz\u00ed pracovn\u00ed uplatn\u011bn\u00ed mimo pastevn\u00ed sez\u00f3nu.&nbsp;<\/p>\n\n\n\n<p>O informace o pr\u00e1ci na na\u0161\u00ed farm\u011b m\u016f\u017eete napsat na email&nbsp;<strong>farma.podyji@seznam.cz<\/strong><\/p>\n\n\n\n<h2><strong>Traktorista<\/strong><\/h2>\n\n\n\n<p><em>(moment\u00e1ln\u011b je pozice obsazena)<\/em><br>Dlouhodob\u011b sh\u00e1n\u00edme \u010dlov\u011bka se vztahem ke zv\u00ed\u0159at\u016fm, kter\u00fd by byl z\u00e1rove\u0148 technicky zru\u010dn\u00fd a byl&nbsp;by dr\u017eitelem \u0159idi\u010dsk\u00e9ho opr\u00e1vn\u011bn\u00ed na traktor.&nbsp;<\/p>\n\n\n\n<figure class=\"wp-block-image size-large is-style-default\"><img decoding=\"async\" width=\"1024\" height=\"768\" src=\"https:\/\/mlpu4x94dnfe.i.optimole.com\/w:1024\/h:768\/q:mauto\/https:\/\/www.farma-podyji.cz\/wp-content\/uploads\/2021\/05\/DSC08979.jpg\" alt=\"\" class=\"wp-image-209\"\/><figcaption class=\"wp-element-caption\">Nejen k p\u0159esunu pasteveck\u00e9ho obydl\u00ed je traktoru t\u0159eba. D\u00e1le tento prost\u0159edek vyu\u017e\u00edv\u00e1me p\u0159i sklizni&nbsp;sena nebo p\u0159i obhospoda\u0159ov\u00e1n\u00ed na\u0161ich st\u00e1d v zimn\u00edm obdob\u00ed. (Na\u010deratick\u00fd kopec, l\u00e9to 2012)<\/figcaption><\/figure>\n\n\n\n<h2><strong>Pastevec <\/strong><\/h2>\n\n\n\n<p><strong>(pastevce sh\u00e1n\u00edme pr\u016fb\u011b\u017ene. A\u010dkoliv je pozice moment\u00e1ln\u011b obsazena, poohl\u00ed\u017e\u00edme se ji\u017e po nov\u00fdch pastevc\u00edch na p\u0159\u00ed\u0161t\u00ed sez\u00f3nu. Z\u00e1jemci hlaste se v jak\u00e9koliv dob\u011b.)<\/strong><\/p>\n\n\n\n<p><br>Na\u0161e farma obhospoda\u0159uje v Podyj\u00ed a na P\u00e1lav\u011b celkem t\u0159i voln\u00e9 pastvy, tedy pastva prob\u00edh\u00e1 s pastevcem. Pastevec&nbsp;s&nbsp;v\u00fdchodem slunce ovce vyh\u00e1n\u00ed, na poledn\u00ed pastvu ovce za\u017eene do ko\u0161\u00e1ru a odpoledne zase st\u00e1do vy\u017eene. Ubytov\u00e1n je v&nbsp;maringotce \u010di karavanu a&nbsp;krom\u011b&nbsp;samotn\u00e9 pastvy se ob\u010das v\u011bnuje i pr\u00e1ci ov\u010d\u00e1ck\u00e9 (v\u00e1\u017een\u00ed jeh\u0148at aj.). Z\u00e1jemce o&nbsp;tuto&nbsp;pr\u00e1ci&nbsp;by m\u011bl m\u00edt p\u0159edev\u0161\u00edm kladn\u00fd vztah ke zv\u00ed\u0159at\u016fm a b\u00fdt &#8222;zocelen&#8220; pro pobyt v p\u0159\u00edrod\u011b. Z\u00e1jemci se mohou hl\u00e1sit  b\u011bhem cel\u00e9ho roku,&nbsp;obzvl\u00e1\u0161t\u011b aktu\u00e1ln\u00ed term\u00edn je v\u017edy v zim\u011b, kdy se v\u0161e chyst\u00e1 na novou sezonu.<\/p>\n\n\n\n<figure class=\"wp-block-image size-large is-style-default\"><img decoding=\"async\" width=\"1024\" height=\"768\" src=\"https:\/\/mlpu4x94dnfe.i.optimole.com\/w:1024\/h:768\/q:mauto\/https:\/\/www.farma-podyji.cz\/wp-content\/uploads\/2021\/05\/DSC02732.jpg\" alt=\"\" class=\"wp-image-210\"\/><figcaption class=\"wp-element-caption\">Pastevec p\u0159i pastv\u011b na Na\u010deratick\u00e9m kopci (2013)<\/figcaption><\/figure>\n\n\n\n<figure class=\"wp-block-image size-large is-style-default\"><img decoding=\"async\" width=\"1024\" height=\"768\" src=\"https:\/\/mlpu4x94dnfe.i.optimole.com\/w:1024\/h:768\/q:mauto\/https:\/\/www.farma-podyji.cz\/wp-content\/uploads\/2021\/05\/DSC03364.jpg\" alt=\"\" class=\"wp-image-211\"\/><figcaption class=\"wp-element-caption\">Pasteveck\u00e1 maringotka v t\u0159e\u0161\u0148ov\u00e9m sadu na Na\u010deratick\u00e9m kopci (2014)<\/figcaption><\/figure>\n","protected":false},"excerpt":{"rendered":"<p>Moment\u00e1ln\u011b se hled\u00e1 pastevec\/pastevkyn\u011b. Ide\u00e1ln\u011b s vlastn\u00edm psem, kter\u00fd m\u00e1 s t\u00edmto \u0159emeslem takt\u00e9\u017e zku\u0161enost. Uplatn\u011bn\u00ed- v lokalit\u011b P\u00e1lava na sez\u00f3nu 2026, ov\u0161em zau\u010den\u00ed a placen\u00e1 praxe by m\u011bla prob\u011bhnout ji\u017e letos. Bli\u017e\u0161\u00ed informace: Petr Kosm\u00e1k, tel.: 605 820 737. Nab\u00edz\u00edme pr\u00e1ci v ov\u010d\u00e1ck\u00e9m kolektivu, kter\u00fd se star\u00e1 o&nbsp;asi p\u011bt stovek ovc\u00ed a n\u011bkolik des\u00edtek &hellip; <\/p>\n<p class=\"link-more\"><a href=\"https:\/\/www.farma-podyji.cz\/index.php\/nabidka-prace\/\" class=\"more-link\">Read the full post &rarr;<span class=\"screen-reader-text\">&#8222;NAB\u00cdDKA PR\u00c1CE&#8220;<\/span><\/a><\/p>\n","protected":false},"author":1,"featured_media":0,"parent":0,"menu_order":0,"comment_status":"closed","ping_status":"closed","template":"","meta":[],"_links":{"self":[{"href":"https:\/\/www.farma-podyji.cz\/index.php\/wp-json\/wp\/v2\/pages\/47"}],"collection":[{"href":"https:\/\/www.farma-podyji.cz\/index.php\/wp-json\/wp\/v2\/pages"}],"about":[{"href":"https:\/\/www.farma-podyji.cz\/index.php\/wp-json\/wp\/v2\/types\/page"}],"author":[{"embeddable":true,"href":"https:\/\/www.farma-podyji.cz\/index.php\/wp-json\/wp\/v2\/users\/1"}],"replies":[{"embeddable":true,"href":"https:\/\/www.farma-podyji.cz\/index.php\/wp-json\/wp\/v2\/comments?post=47"}],"version-history":[{"count":23,"href":"https:\/\/www.farma-podyji.cz\/index.php\/wp-json\/wp\/v2\/pages\/47\/revisions"}],"predecessor-version":[{"id":907,"href":"https:\/\/www.farma-podyji.cz\/index.php\/wp-json\/wp\/v2\/pages\/47\/revisions\/907"}],"wp:attachment":[{"href":"https:\/\/www.farma-podyji.cz\/index.php\/wp-json\/wp\/v2\/media?parent=47"}],"curies":[{"name":"wp","href":"https:\/\/api.w.org\/{rel}","templated":true}]}}