{"id":50,"date":"2021-05-12T07:40:42","date_gmt":"2021-05-12T07:40:42","guid":{"rendered":"http:\/\/www.farma-podyji.cz\/?page_id=50"},"modified":"2025-06-04T02:10:23","modified_gmt":"2025-06-04T02:10:23","slug":"januv-dvur","status":"publish","type":"page","link":"https:\/\/www.farma-podyji.cz\/index.php\/januv-dvur\/","title":{"rendered":"J\u00c1\u0147\u016eV DV\u016eR"},"content":{"rendered":"\n<p><strong>Penzion a restaurace J\u00e1\u0148\u016fv dv\u016fr, Nov\u00fd P\u0159erov u&nbsp;Mikulova<\/strong><\/p>\n\n\n\n<p>S farmou m\u00e1 jistou spojitost i J\u00e1\u0148\u016fv dv\u016fr, jen\u017e le\u017e\u00ed v obci Nov\u00fd P\u0159erov u Mikulova. V\u00a0obci se tak\u00e9 nach\u00e1z\u00ed\u00a0jeden ze dvou ov\u010d\u00edn\u016f, kde na\u0161e st\u00e1da zimuj\u00ed.\u00a0Zde i vyr\u00e1b\u00edme pro na\u0161i v\u00fdletn\u00ed hosp\u016fdku v mal\u00fdch \u0161ar\u017e\u00edch koz\u00ed s\u00fdr z ml\u00e9ka patn\u00e1cti koz chovan\u00fdch a krmen\u00fdch v bio re\u017eimu. N\u00e1\u0161 bezlepkov\u00fd koz\u00ed sma\u017e\u00e1k se t\u011b\u0161\u00ed povzbudiv\u00e9 popularit\u011b.. <\/p>\n\n\n\n<p>J\u00e1\u0148\u016fv dv\u016fr je historick\u00e1 zem\u011bd\u011blsk\u00e1 usedlost v&nbsp;nejji\u017en\u011bj\u0161\u00edm koutu na\u0161\u00ed republiky,&nbsp;ve vina\u0159sk\u00e9 vesni\u010dce Nov\u00fd P\u0159erov na&nbsp;hranici s Rakouskem.&nbsp;Nyn\u00ed u&nbsp;n\u00e1s nab\u00edz\u00edme ubytov\u00e1n\u00ed&nbsp;a rekreaci pro v\u0161echny,&nbsp;kte\u0159\u00ed hledaj\u00ed formou agroturistiky tradi\u010dn\u00ed venkovsk\u00e9 hodnoty&nbsp;\u2013&nbsp;klidn\u00e9 prost\u0159ed\u00ed,&nbsp;kontakt s&nbsp;p\u0159\u00edrodou a&nbsp;zv\u00ed\u0159aty, dom\u00e1c\u00ed atmosf\u00e9ru, poctivou kuchyni&nbsp;a&nbsp;m\u00edstn\u00ed produkty&nbsp;\u2013&nbsp;zejm\u00e9na&nbsp;dobr\u00e9 v\u00edno.<\/p>\n\n\n\n<p>V\u00edce informac\u00ed o penzionu naleznete na&nbsp;<a rel=\"noreferrer noopener\" href=\"http:\/\/www.januvdvur.cz\/\" target=\"_blank\"><strong>www.januvdvur.cz<\/strong><\/a><\/p>\n\n\n\n<figure class=\"wp-block-image size-large is-style-default\"><img decoding=\"async\" width=\"800\" height=\"457\" src=\"https:\/\/mlpu4x94dnfe.i.optimole.com\/w:auto\/h:auto\/q:mauto\/https:\/\/www.farma-podyji.cz\/wp-content\/uploads\/2021\/05\/JaNuv-dvur-uvodni-2_1.jpg\" alt=\"\" class=\"wp-image-217\"\/><\/figure>\n","protected":false},"excerpt":{"rendered":"<p>Penzion a restaurace J\u00e1\u0148\u016fv dv\u016fr, Nov\u00fd P\u0159erov u&nbsp;Mikulova S farmou m\u00e1 jistou spojitost i J\u00e1\u0148\u016fv dv\u016fr, jen\u017e le\u017e\u00ed v obci Nov\u00fd P\u0159erov u Mikulova. V\u00a0obci se tak\u00e9 nach\u00e1z\u00ed\u00a0jeden ze dvou ov\u010d\u00edn\u016f, kde na\u0161e st\u00e1da zimuj\u00ed.\u00a0Zde i vyr\u00e1b\u00edme pro na\u0161i v\u00fdletn\u00ed hosp\u016fdku v mal\u00fdch \u0161ar\u017e\u00edch koz\u00ed s\u00fdr z ml\u00e9ka patn\u00e1cti koz chovan\u00fdch a krmen\u00fdch v bio &hellip; <\/p>\n<p class=\"link-more\"><a href=\"https:\/\/www.farma-podyji.cz\/index.php\/januv-dvur\/\" class=\"more-link\">Read the full post &rarr;<span class=\"screen-reader-text\">&#8222;J\u00c1\u0147\u016eV DV\u016eR&#8220;<\/span><\/a><\/p>\n","protected":false},"author":1,"featured_media":0,"parent":0,"menu_order":0,"comment_status":"closed","ping_status":"closed","template":"","meta":[],"_links":{"self":[{"href":"https:\/\/www.farma-podyji.cz\/index.php\/wp-json\/wp\/v2\/pages\/50"}],"collection":[{"href":"https:\/\/www.farma-podyji.cz\/index.php\/wp-json\/wp\/v2\/pages"}],"about":[{"href":"https:\/\/www.farma-podyji.cz\/index.php\/wp-json\/wp\/v2\/types\/page"}],"author":[{"embeddable":true,"href":"https:\/\/www.farma-podyji.cz\/index.php\/wp-json\/wp\/v2\/users\/1"}],"replies":[{"embeddable":true,"href":"https:\/\/www.farma-podyji.cz\/index.php\/wp-json\/wp\/v2\/comments?post=50"}],"version-history":[{"count":12,"href":"https:\/\/www.farma-podyji.cz\/index.php\/wp-json\/wp\/v2\/pages\/50\/revisions"}],"predecessor-version":[{"id":909,"href":"https:\/\/www.farma-podyji.cz\/index.php\/wp-json\/wp\/v2\/pages\/50\/revisions\/909"}],"wp:attachment":[{"href":"https:\/\/www.farma-podyji.cz\/index.php\/wp-json\/wp\/v2\/media?parent=50"}],"curies":[{"name":"wp","href":"https:\/\/api.w.org\/{rel}","templated":true}]}}