{"id":873,"date":"2025-03-31T06:42:56","date_gmt":"2025-03-31T06:42:56","guid":{"rendered":"https:\/\/www.farma-podyji.cz\/?page_id=873"},"modified":"2025-03-31T06:49:13","modified_gmt":"2025-03-31T06:49:13","slug":"kultura-2023","status":"publish","type":"page","link":"https:\/\/www.farma-podyji.cz\/index.php\/kultura\/kultura-2023\/","title":{"rendered":"KULTURA 2023"},"content":{"rendered":"\n<p>Rok 2023 jsme zakon\u010dili u\u017e tradi\u010dn\u00edm <strong>podyjsk\u00fdm redykem.\u00a0<\/strong>Ji\u017e po osm\u00e9. Tentokr\u00e1t n\u00e1m cestu zk\u0159\u00ed\u017eily stroje.<\/p>\n\n\n\n<figure class=\"wp-block-image size-full\"><img decoding=\"async\" width=\"1000\" height=\"667\" src=\"https:\/\/mlpu4x94dnfe.i.optimole.com\/w:auto\/h:auto\/q:mauto\/https:\/\/www.farma-podyji.cz\/wp-content\/uploads\/2025\/03\/redyk-2023-01-web.jpg\" alt=\"\" class=\"wp-image-875\"\/><figcaption class=\"wp-element-caption\">Redyk 2023, foto: Krist\u00fdna Urb\u00e1nkov\u00e1<\/figcaption><\/figure>\n\n\n\n<div style=\"height:30px\" aria-hidden=\"true\" class=\"wp-block-spacer\"><\/div>\n\n\n\n<div style=\"height:26px\" aria-hidden=\"true\" class=\"wp-block-spacer\"><\/div>\n\n\n\n<p><a href=\"https:\/\/www.farma-podyji.cz\/index.php\/kultura\/kultura-2022\/\" data-type=\"URL\" data-id=\"https:\/\/www.farma-podyji.cz\/index.php\/kultura\/kultura-2022\/\">KULTURA 2022<\/a> | <a href=\"https:\/\/www.farma-podyji.cz\/index.php\/kultura\/kultura-2021\/\" data-type=\"URL\" data-id=\"https:\/\/www.farma-podyji.cz\/index.php\/kultura\/kultura-2021\/\">2021<\/a> | <a href=\"https:\/\/www.farma-podyji.cz\/index.php\/kultura\/kultura-2020\/\" data-type=\"page\">2020<\/a>  |  <a href=\"https:\/\/www.farma-podyji.cz\/index.php\/kultura\/kultura-2019\/\" data-type=\"page\" data-id=\"222\">2019<\/a> | <a href=\"https:\/\/www.farma-podyji.cz\/index.php\/kultura\/kultura-2018\/\" data-type=\"page\" data-id=\"285\">2018<\/a>  |  <a href=\"https:\/\/www.farma-podyji.cz\/index.php\/kultura\/kultura-2017\/\" data-type=\"page\" data-id=\"292\">2017<\/a>  |  <a href=\"https:\/\/www.farma-podyji.cz\/index.php\/kultura\/kultura-2016\/\" data-type=\"page\" data-id=\"330\">2016<\/a>  |  <a href=\"https:\/\/www.farma-podyji.cz\/index.php\/kultura\/starsi\/\" data-type=\"page\" data-id=\"353\">STAR\u0160\u00cd&#8230;<\/a>  <\/p>\n\n\n\n<p><\/p>\n","protected":false},"excerpt":{"rendered":"<p>Rok 2023 jsme zakon\u010dili u\u017e tradi\u010dn\u00edm podyjsk\u00fdm redykem.\u00a0Ji\u017e po osm\u00e9. Tentokr\u00e1t n\u00e1m cestu zk\u0159\u00ed\u017eily stroje. KULTURA 2022 | 2021 | 2020 | 2019 | 2018 | 2017 | 2016 | STAR\u0160\u00cd&#8230;<\/p>\n","protected":false},"author":2,"featured_media":0,"parent":44,"menu_order":0,"comment_status":"closed","ping_status":"closed","template":"","meta":[],"_links":{"self":[{"href":"https:\/\/www.farma-podyji.cz\/index.php\/wp-json\/wp\/v2\/pages\/873"}],"collection":[{"href":"https:\/\/www.farma-podyji.cz\/index.php\/wp-json\/wp\/v2\/pages"}],"about":[{"href":"https:\/\/www.farma-podyji.cz\/index.php\/wp-json\/wp\/v2\/types\/page"}],"author":[{"embeddable":true,"href":"https:\/\/www.farma-podyji.cz\/index.php\/wp-json\/wp\/v2\/users\/2"}],"replies":[{"embeddable":true,"href":"https:\/\/www.farma-podyji.cz\/index.php\/wp-json\/wp\/v2\/comments?post=873"}],"version-history":[{"count":4,"href":"https:\/\/www.farma-podyji.cz\/index.php\/wp-json\/wp\/v2\/pages\/873\/revisions"}],"predecessor-version":[{"id":884,"href":"https:\/\/www.farma-podyji.cz\/index.php\/wp-json\/wp\/v2\/pages\/873\/revisions\/884"}],"up":[{"embeddable":true,"href":"https:\/\/www.farma-podyji.cz\/index.php\/wp-json\/wp\/v2\/pages\/44"}],"wp:attachment":[{"href":"https:\/\/www.farma-podyji.cz\/index.php\/wp-json\/wp\/v2\/media?parent=873"}],"curies":[{"name":"wp","href":"https:\/\/api.w.org\/{rel}","templated":true}]}}